{"id":679,"date":"2019-04-29T21:51:30","date_gmt":"2019-04-29T21:51:30","guid":{"rendered":"https:\/\/aljawhraplast.com\/services\/"},"modified":"2019-04-29T21:51:30","modified_gmt":"2019-04-29T21:51:30","slug":"services","status":"publish","type":"page","link":"https:\/\/aljawhraplast.com\/fr\/services\/","title":{"rendered":"Services"},"content":{"rendered":"<div class=\"vc_row wpb_row vc_row-fluid services-page section vc_custom_1667640860288\"><div class=\"wpb_column vc_column_container vc_col-sm-12\"><div class=\"vc_column-inner\"><div class=\"wpb_wrapper\"><div class=\"vc_row wpb_row vc_inner vc_row-fluid container vc_custom_1667641263369\"><div class=\"wpb_column vc_column_container vc_col-sm-12\"><div class=\"vc_column-inner\"><div class=\"wpb_wrapper\">\n\t<div class=\"wpb_text_column wpb_content_element  wpb_animate_when_almost_visible wpb_bottom-to-top bottom-to-top\" >\n\t\t<div class=\"wpb_wrapper\">\n\t\t\t<h1>Services<\/h1>\n<h2>Nous avons ce que vous voulez!<\/h2>\n\n\t\t<\/div>\n\t<\/div>\n\n\t<div class=\"wpb_text_column wpb_content_element  wpb_animate_when_almost_visible wpb_top-to-bottom top-to-bottom head\" >\n\t\t<div class=\"wpb_wrapper\">\n\t\t\t<h3>Nous vous proposons les meilleurs mat\u00e9riaux de production dans notre domaine, car nous desservons un large secteur d&#8217;entreprises et d&#8217;usines en termes de production et de fabrication des meilleurs types de mati\u00e8res plastiques et de leurs d\u00e9riv\u00e9s.<\/h3>\n\n\t\t<\/div>\n\t<\/div>\n<\/div><\/div><\/div><\/div><div class=\"vc_row wpb_row vc_inner vc_row-fluid vc_custom_1667641276248\"><div class=\"wpb_column vc_column_container vc_col-sm-6\"><div class=\"vc_column-inner\"><div class=\"wpb_wrapper\">\n\t<div class=\"wpb_text_column wpb_content_element  wpb_animate_when_almost_visible wpb_left-to-right left-to-right\" >\n\t\t<div class=\"wpb_wrapper\">\n\t\t\t<p><strong>Nous recherchons des opportunit\u00e9s nouvelles et continues qui profitent \u00e0 toutes les parties, partenaires et clients. Nous sommes confiants dans notre capacit\u00e9 \u00e0 fournir les machines n\u00e9cessaires \u00e0 des usages alternatifs et innovants sur tous les march\u00e9s gr\u00e2ce \u00e0 nos connaissances locales et internationales. Notre compr\u00e9hension des types de machines num\u00e9riques avec lesquelles nous traitons.<\/strong><\/p>\n<p><strong>Nous avons des entrep\u00f4ts diversifi\u00e9s et strat\u00e9giquement situ\u00e9s dans plusieurs endroits en \u00c9gypte et au Moyen-Orient, ce qui fait de nous le choix id\u00e9al pour les clients et les fournisseurs. Notre \u00e9quipe cherche \u00e0 fournir des conditions flexibles pour faciliter l&#8217;approvisionnement et la livraison et les livrer dans le monde entier, car nous travaillons avec le plus grand soin et sinc\u00e9rit\u00e9 pour fournir un service distingu\u00e9 au client. <\/strong><\/p>\n\n\t\t<\/div>\n\t<\/div>\n<\/div><\/div><\/div><div class=\"wpb_column vc_column_container vc_col-sm-6\"><div class=\"vc_column-inner\"><div class=\"wpb_wrapper\">\n\t<div class=\"wpb_text_column wpb_content_element  wpb_animate_when_almost_visible wpb_right-to-left right-to-left\" >\n\t\t<div class=\"wpb_wrapper\">\n\t\t\t<p style=\"direction: rtl;\"><strong>Nous travaillons au sein de l&#8217;entreprise comme une seule \u00e9quipe qui consacre ses efforts et sa connaissance approfondie des op\u00e9rations d&#8217;exportation mondiales pour garantir que vos marchandises sont livr\u00e9es en toute s\u00e9curit\u00e9 et rapidement.<\/strong><\/p>\n<p style=\"direction: rtl;\"><strong>Elle entretient \u00e9galement des relations \u00e9troites avec des transporteurs internationaux capables de r\u00e9pondre en toute s\u00e9curit\u00e9 \u00e0 vos besoins.<\/strong><\/p>\n<p style=\"direction: rtl;\"><strong>Notre r\u00e9seau mondial nous permet de collecter des candidatures du monde entier et nous disposons d&#8217;une \u00e9quipe de documentation efficace pour traiter les documents n\u00e9cessaires rapidement et avec pr\u00e9cision.<\/strong><\/p>\n\n\t\t<\/div>\n\t<\/div>\n<\/div><\/div><\/div><\/div><div class=\"vc_row wpb_row vc_inner vc_row-fluid container\"><div class=\"service-item wpb_column vc_column_container vc_col-sm-12\"><div class=\"vc_column-inner\"><div class=\"wpb_wrapper\"><!-- SERVICES START-->\n\n<div class=\"col-xl-4 col-lg-4 col-md-4 col-sm-6 col-xs-12 services-phone\">\n    <div class=\"service\">\n        <div class=\"service-img\">\n    <img width=\"307\" height=\"315\" src=\"https:\/\/aljawhraplast.com\/wp-content\/uploads\/2022\/11\/332006621_724951815669598_5222247036228550351_n-307x315.jpg\" class=\"attachment-services-view size-services-view wp-post-image\" alt=\"\" decoding=\"async\" loading=\"lazy\" \/><a href=\"https:\/\/aljawhraplast.com\/fr\/?services=fourniture-aux-petites-usines\"><img src=\"\" alt=\"\" class=\"center-block img-responsive\" \/><\/a> \n        <\/div>\n        <h3>\n            <a href=\"https:\/\/aljawhraplast.com\/fr\/?services=fourniture-aux-petites-usines\">Fourniture aux petites usines<\/a>\n        <\/h3>\n    <\/div>\n<\/div>\n\n\n<div class=\"col-xl-4 col-lg-4 col-md-4 col-sm-6 col-xs-12 services-phone\">\n    <div class=\"service\">\n        <div class=\"service-img\">\n    <img width=\"473\" height=\"315\" src=\"https:\/\/aljawhraplast.com\/wp-content\/uploads\/2022\/11\/s23-473x315.jpg\" class=\"attachment-services-view size-services-view wp-post-image\" alt=\"\" decoding=\"async\" loading=\"lazy\" \/><a href=\"https:\/\/aljawhraplast.com\/fr\/?services=assistance-et-maintenance-des-machines\"><img src=\"\" alt=\"\" class=\"center-block img-responsive\" \/><\/a> \n        <\/div>\n        <h3>\n            <a href=\"https:\/\/aljawhraplast.com\/fr\/?services=assistance-et-maintenance-des-machines\">Assistance et maintenance des machines<\/a>\n        <\/h3>\n    <\/div>\n<\/div>\n\n\n<div class=\"col-xl-4 col-lg-4 col-md-4 col-sm-6 col-xs-12 services-phone\">\n    <div class=\"service\">\n        <div class=\"service-img\">\n    <img width=\"473\" height=\"315\" src=\"https:\/\/aljawhraplast.com\/wp-content\/uploads\/2022\/11\/s1-473x315.jpg\" class=\"attachment-services-view size-services-view wp-post-image\" alt=\"\" decoding=\"async\" loading=\"lazy\" \/><a href=\"https:\/\/aljawhraplast.com\/fr\/?services=nos-lieux\"><img src=\"\" alt=\"\" class=\"center-block img-responsive\" \/><\/a> \n        <\/div>\n        <h3>\n            <a href=\"https:\/\/aljawhraplast.com\/fr\/?services=nos-lieux\">Nos lieux<\/a>\n        <\/h3>\n    <\/div>\n<\/div>\n\n\n        <!-- SERVICES END-->\n\n\t<div class=\"wpb_text_column wpb_content_element  wpb_animate_when_almost_visible wpb_bottom-to-top bottom-to-top\" >\n\t\t<div class=\"wpb_wrapper\">\n\t\t\t\n\n\t\t<\/div>\n\t<\/div>\n<\/div><\/div><\/div><\/div><\/div><\/div><\/div><\/div><div class=\"vc_row wpb_row vc_row-fluid join-now\"><div class=\"wpb_column vc_column_container vc_col-sm-12\"><div class=\"vc_column-inner\"><div class=\"wpb_wrapper\"><div class=\"vc_row wpb_row vc_inner vc_row-fluid container\"><div class=\"wpb_column vc_column_container vc_col-sm-3\"><div class=\"vc_column-inner\"><div class=\"wpb_wrapper\">\n\t<div class=\"wpb_text_column wpb_content_element  wpb_animate_when_almost_visible wpb_left-to-right left-to-right\" >\n\t\t<div class=\"wpb_wrapper\">\n\t\t\t<p><a class=\"global-button2\" href=\"#\">Demander une citation<\/a><\/p>\n\n\t\t<\/div>\n\t<\/div>\n<\/div><\/div><\/div><div class=\"wpb_column vc_column_container vc_col-sm-9\"><div class=\"vc_column-inner\"><div class=\"wpb_wrapper\">\n\t<div class=\"wpb_text_column wpb_content_element  wpb_animate_when_almost_visible wpb_right-to-left right-to-left\" >\n\t\t<div class=\"wpb_wrapper\">\n\t\t\t<h2>Inscrivez-vous maintenant pour demander un devis! <span class=\"txt\">(20% de remise)<\/span><\/h2>\n\n\t\t<\/div>\n\t<\/div>\n<\/div><\/div><\/div><\/div><\/div><\/div><\/div><\/div>","protected":false},"excerpt":{"rendered":"Comment nous trouvez-vous et que pouvons-nous faire pour vous ? Nous sommes pr\u00e9sents sur tous les march\u00e9s arabes et africains, car nous occupons la t\u00eate du march\u00e9 \u00e9gyptien et exportons notre production distingu\u00e9e vers les march\u00e9s arabes et africains. Nous nous sp\u00e9cialisons dans la fabrication des machines ume les plus puissantes qui produisent des granul\u00e9s [...]","protected":false},"author":1,"featured_media":549,"parent":0,"menu_order":0,"comment_status":"closed","ping_status":"closed","template":"","meta":[],"_links":{"self":[{"href":"https:\/\/aljawhraplast.com\/fr\/wp-json\/wp\/v2\/pages\/679"}],"collection":[{"href":"https:\/\/aljawhraplast.com\/fr\/wp-json\/wp\/v2\/pages"}],"about":[{"href":"https:\/\/aljawhraplast.com\/fr\/wp-json\/wp\/v2\/types\/page"}],"author":[{"embeddable":true,"href":"https:\/\/aljawhraplast.com\/fr\/wp-json\/wp\/v2\/users\/1"}],"replies":[{"embeddable":true,"href":"https:\/\/aljawhraplast.com\/fr\/wp-json\/wp\/v2\/comments?post=679"}],"version-history":[{"count":0,"href":"https:\/\/aljawhraplast.com\/fr\/wp-json\/wp\/v2\/pages\/679\/revisions"}],"wp:featuredmedia":[{"embeddable":true,"href":"https:\/\/aljawhraplast.com\/fr\/wp-json\/wp\/v2\/media\/549"}],"wp:attachment":[{"href":"https:\/\/aljawhraplast.com\/fr\/wp-json\/wp\/v2\/media?parent=679"}],"curies":[{"name":"wp","href":"https:\/\/api.w.org\/{rel}","templated":true}]}}