{"id":667,"date":"2019-04-29T21:51:59","date_gmt":"2019-04-29T21:51:59","guid":{"rendered":"https:\/\/aljawhraplast.com\/qui-sommes-nous\/"},"modified":"2023-03-13T19:28:53","modified_gmt":"2023-03-13T19:28:53","slug":"qui-sommes-nous","status":"publish","type":"page","link":"https:\/\/aljawhraplast.com\/fr\/qui-sommes-nous\/","title":{"rendered":"Qui sommes-nous"},"content":{"rendered":"<div class=\"vc_row wpb_row vc_row-fluid pb-intro section vc_custom_1667633582661\"><div class=\"wpb_column vc_column_container vc_col-sm-12\"><div class=\"vc_column-inner\"><div class=\"wpb_wrapper\">\n\t<div class=\"wpb_text_column wpb_content_element  wpb_animate_when_almost_visible wpb_bottom-to-top bottom-to-top vc_custom_1667638774585\" >\n\t\t<div class=\"wpb_wrapper\">\n\t\t\t<h1>Qui sommes-nous ?<\/h1>\n<h2>Vision du pr\u00e9sident<\/h2>\n<h3>Nous sommes une entreprise cr\u00e9\u00e9e par des mains \u00e9gyptiennes qui aspire \u00e0 atteindre un leadership complet et une innovation et un d\u00e9veloppement continus dans le domaine des lignes de production de plastique.<\/h3>\n\n\t\t<\/div>\n\t<\/div>\n<div class=\"vc_row wpb_row vc_inner vc_row-fluid container\"><div class=\"wpb_column vc_column_container vc_col-sm-6\"><div class=\"vc_column-inner\"><div class=\"wpb_wrapper\">\n\t<div  class=\"wpb_single_image wpb_content_element vc_align_left   img-responsive\">\n\t\t\n\t\t<figure class=\"wpb_wrapper vc_figure\">\n\t\t\t<div class=\"vc_single_image-wrapper   vc_box_border_grey\"><img width=\"1024\" height=\"650\" src=\"https:\/\/aljawhraplast.com\/wp-content\/uploads\/2022\/11\/IMG_2215-1024x650.jpg\" class=\"vc_single_image-img attachment-large\" alt=\"\" decoding=\"async\" loading=\"lazy\" \/><\/div>\n\t\t<\/figure>\n\t<\/div>\n<\/div><\/div><\/div><div class=\"wpb_column vc_column_container vc_col-sm-6\"><div class=\"vc_column-inner\"><div class=\"wpb_wrapper\">\n\t<div class=\"wpb_text_column wpb_content_element\" >\n\t\t<div class=\"wpb_wrapper\">\n\t\t\t<p><strong>Nous travaillons sur la base de la satisfaction du client et \u00e9quipons les usines avec les meilleurs mat\u00e9riaux de production. Comme nous visons toujours \u00e0 d\u00e9fier les difficult\u00e9s temporelles et spatiales en r\u00e9alisant ce \u00e0 quoi nous aspirons et en poursuivant notre mission au maximum.<\/strong><\/p>\n<p><strong>Al-Jawhara Company for Industry and Business est devenue l&#8217;une des entreprises leaders et un nom important dans le domaine de la fabrication de mati\u00e8res premi\u00e8res pour la production de plastique, d&#8217;autant plus que nous nous distinguons par la multiplicit\u00e9 des projets et la mise en \u0153uvre de tous les produits de haute pr\u00e9cision et de qualit\u00e9. mat\u00e9riaux.<\/strong><\/p>\n<p><strong>Aujourd&#8217;hui, apr\u00e8s avoir travers\u00e9 de nombreuses exp\u00e9riences et particip\u00e9 \u00e0 l&#8217;augmentation des productions des usines de plastique, nous ne pouvons que remercier nos clients et tous ceux qui nous ont fait confiance.<\/strong><\/p>\n<p><strong>Enfin, moi, le pr\u00e9sident du conseil d&#8217;administration, je remercie tout particuli\u00e8rement l&#8217;\u00e9quipe de l&#8217;usine pour sa comp\u00e9tence et son professionnalisme. Je suis convaincu que je dirige l&#8217;une des meilleures \u00e9quipes de travail au Moyen-Orient en termes de professionnalisme, d&#8217;\u00e9ducation et de capacit\u00e9 \u00e0 assumer des responsabilit\u00e9s.<\/strong><\/p>\n\n\t\t<\/div>\n\t<\/div>\n<\/div><\/div><\/div><\/div><\/div><\/div><\/div><\/div><div class=\"vc_row wpb_row vc_row-fluid section\"><div class=\"wpb_column vc_column_container vc_col-sm-12\"><div class=\"vc_column-inner\"><div class=\"wpb_wrapper\">\n\t<div class=\"wpb_text_column wpb_content_element  vc_custom_1667633958073\" >\n\t\t<div class=\"wpb_wrapper\">\n\t\t\t<h1>\u00c0 propos de l&#8217;entreprise<\/h1>\n<h2>Notre galerie<\/h2>\n\n\t\t<\/div>\n\t<\/div>\n<div class=\"wpb_gallery wpb_content_element vc_clearfix\" ><div class=\"wpb_wrapper\"><div class=\"wpb_gallery_slides wpb_image_grid\" data-interval=\"3\"><ul class=\"wpb_image_grid_ul\"><li class=\"isotope-item\"><a class=\"\" href=\"https:\/\/aljawhraplast.com\/wp-content\/uploads\/2022\/11\/IMG_2201-1024x683.jpg\" data-lightbox=\"lightbox[rel-667-3815947075]\"><img class=\"\" src=\"https:\/\/aljawhraplast.com\/wp-content\/uploads\/2022\/11\/IMG_2201-290x230.jpg\" width=\"290\" height=\"230\" alt=\"IMG_2201\" title=\"IMG_2201\" \/><\/a><\/li><li class=\"isotope-item\"><a class=\"\" href=\"https:\/\/aljawhraplast.com\/wp-content\/uploads\/2022\/11\/IMG_2221-1024x683.jpg\" data-lightbox=\"lightbox[rel-667-3815947075]\"><img class=\"\" src=\"https:\/\/aljawhraplast.com\/wp-content\/uploads\/2022\/11\/IMG_2221-290x230.jpg\" width=\"290\" height=\"230\" alt=\"IMG_2221\" title=\"IMG_2221\" \/><\/a><\/li><li class=\"isotope-item\"><a class=\"\" href=\"https:\/\/aljawhraplast.com\/wp-content\/uploads\/2022\/11\/IMG_2222-1024x683.jpg\" data-lightbox=\"lightbox[rel-667-3815947075]\"><img class=\"\" src=\"https:\/\/aljawhraplast.com\/wp-content\/uploads\/2022\/11\/IMG_2222-290x230.jpg\" width=\"290\" height=\"230\" alt=\"IMG_2222\" title=\"IMG_2222\" \/><\/a><\/li><li class=\"isotope-item\"><a class=\"\" href=\"https:\/\/aljawhraplast.com\/wp-content\/uploads\/2022\/11\/IMG_2112-1024x683.jpg\" data-lightbox=\"lightbox[rel-667-3815947075]\"><img class=\"\" src=\"https:\/\/aljawhraplast.com\/wp-content\/uploads\/2022\/11\/IMG_2112-290x230.jpg\" width=\"290\" height=\"230\" alt=\"IMG_2112\" title=\"IMG_2112\" \/><\/a><\/li><li class=\"isotope-item\"><a class=\"\" href=\"https:\/\/aljawhraplast.com\/wp-content\/uploads\/2022\/11\/IMG_2117-1024x683.jpg\" data-lightbox=\"lightbox[rel-667-3815947075]\"><img class=\"\" src=\"https:\/\/aljawhraplast.com\/wp-content\/uploads\/2022\/11\/IMG_2117-290x230.jpg\" width=\"290\" height=\"230\" alt=\"IMG_2117\" title=\"IMG_2117\" \/><\/a><\/li><li class=\"isotope-item\"><a class=\"\" href=\"https:\/\/aljawhraplast.com\/wp-content\/uploads\/2022\/11\/IMG_2146-1024x683.jpg\" data-lightbox=\"lightbox[rel-667-3815947075]\"><img class=\"\" src=\"https:\/\/aljawhraplast.com\/wp-content\/uploads\/2022\/11\/IMG_2146-290x230.jpg\" width=\"290\" height=\"230\" alt=\"IMG_2146\" title=\"IMG_2146\" \/><\/a><\/li><li class=\"isotope-item\"><a class=\"\" href=\"https:\/\/aljawhraplast.com\/wp-content\/uploads\/2022\/11\/IMG_2148-1024x683.jpg\" data-lightbox=\"lightbox[rel-667-3815947075]\"><img class=\"\" src=\"https:\/\/aljawhraplast.com\/wp-content\/uploads\/2022\/11\/IMG_2148-290x230.jpg\" width=\"290\" height=\"230\" alt=\"IMG_2148\" title=\"IMG_2148\" \/><\/a><\/li><li class=\"isotope-item\"><a class=\"\" href=\"https:\/\/aljawhraplast.com\/wp-content\/uploads\/2022\/11\/IMG_2149-1024x683.jpg\" data-lightbox=\"lightbox[rel-667-3815947075]\"><img class=\"\" src=\"https:\/\/aljawhraplast.com\/wp-content\/uploads\/2022\/11\/IMG_2149-290x230.jpg\" width=\"290\" height=\"230\" alt=\"IMG_2149\" title=\"IMG_2149\" \/><\/a><\/li><li class=\"isotope-item\"><a class=\"\" href=\"https:\/\/aljawhraplast.com\/wp-content\/uploads\/2022\/11\/IMG_2159-1024x683.jpg\" data-lightbox=\"lightbox[rel-667-3815947075]\"><img class=\"\" src=\"https:\/\/aljawhraplast.com\/wp-content\/uploads\/2022\/11\/IMG_2159-290x230.jpg\" width=\"290\" height=\"230\" alt=\"IMG_2159\" title=\"IMG_2159\" \/><\/a><\/li><\/ul><\/div><\/div><\/div><\/div><\/div><\/div><\/div><div class=\"vc_row wpb_row vc_row-fluid vc_custom_1559552498569\"><div class=\"wpb_column vc_column_container vc_col-sm-12\"><div class=\"vc_column-inner\"><div class=\"wpb_wrapper\"><div class=\"wpb_gmaps_widget wpb_content_element\"><div class=\"wpb_wrapper\"><div class=\"wpb_map_wraper\"><iframe src=\"https:\/\/www.google.com\/maps\/embed?pb=!1m18!1m12!1m3!1d16404.77685156695!2d31.43323490566643!3d30.18914768808244!2m3!1f0!2f0!3f0!3m2!1i1024!2i768!4f13.1!3m3!1m2!1s0x14581a87e3f34043%3A0x333c3ea8b5d03dcd!2sIndustrial%20Zone%201%2C%20Al%20Salam%20First%2C%20Cairo%20Governorate!5e0!3m2!1sen!2seg!4v1667645691414!5m2!1sen!2seg\" width=\"600\" height=\"450\" style=\"border:0;\" allowfullscreen=\"\" loading=\"lazy\" referrerpolicy=\"no-referrer-when-downgrade\"><\/iframe><\/div><\/div><\/div><\/div><\/div><\/div><\/div>","protected":false},"excerpt":{"rendered":"Qui sommes-nous ? Vision du pr\u00e9sident Nous sommes une entreprise cr\u00e9\u00e9e par des mains \u00e9gyptiennes qui aspire \u00e0 atteindre un leadership complet et une innovation et un d\u00e9veloppement continus dans le domaine des lignes de production de plastique. Nous travaillons sur la base de la satisfaction du client et \u00e9quipons les usines avec les meilleurs [...]","protected":false},"author":1,"featured_media":523,"parent":0,"menu_order":0,"comment_status":"closed","ping_status":"closed","template":"","meta":[],"_links":{"self":[{"href":"https:\/\/aljawhraplast.com\/fr\/wp-json\/wp\/v2\/pages\/667"}],"collection":[{"href":"https:\/\/aljawhraplast.com\/fr\/wp-json\/wp\/v2\/pages"}],"about":[{"href":"https:\/\/aljawhraplast.com\/fr\/wp-json\/wp\/v2\/types\/page"}],"author":[{"embeddable":true,"href":"https:\/\/aljawhraplast.com\/fr\/wp-json\/wp\/v2\/users\/1"}],"replies":[{"embeddable":true,"href":"https:\/\/aljawhraplast.com\/fr\/wp-json\/wp\/v2\/comments?post=667"}],"version-history":[{"count":1,"href":"https:\/\/aljawhraplast.com\/fr\/wp-json\/wp\/v2\/pages\/667\/revisions"}],"predecessor-version":[{"id":668,"href":"https:\/\/aljawhraplast.com\/fr\/wp-json\/wp\/v2\/pages\/667\/revisions\/668"}],"wp:featuredmedia":[{"embeddable":true,"href":"https:\/\/aljawhraplast.com\/fr\/wp-json\/wp\/v2\/media\/523"}],"wp:attachment":[{"href":"https:\/\/aljawhraplast.com\/fr\/wp-json\/wp\/v2\/media?parent=667"}],"curies":[{"name":"wp","href":"https:\/\/api.w.org\/{rel}","templated":true}]}}