{"id":664,"date":"2019-04-29T21:50:34","date_gmt":"2019-04-29T21:50:34","guid":{"rendered":"https:\/\/aljawhraplast.com\/produits\/"},"modified":"2019-04-29T21:50:34","modified_gmt":"2019-04-29T21:50:34","slug":"produits","status":"publish","type":"page","link":"https:\/\/aljawhraplast.com\/fr\/produits\/","title":{"rendered":"Produits"},"content":{"rendered":"<div class=\"vc_row wpb_row vc_row-fluid section\"><div class=\"wpb_column vc_column_container vc_col-sm-12\"><div class=\"vc_column-inner\"><div class=\"wpb_wrapper\">\n\t<div class=\"wpb_text_column wpb_content_element  vc_custom_1667639203626\" >\n\t\t<div class=\"wpb_wrapper\">\n\t\t\t<h1>Pr\u00e9cision la plus \u00e9lev\u00e9e avec la meilleure qualit\u00e9<\/h1>\n<h2>Nos produits<\/h2>\n<h3>Nous produisons les meilleurs mat\u00e9riaux de fabrication en plastique avec des sp\u00e9cifications internationales, caract\u00e9ris\u00e9s par une ductilit\u00e9 \u00e9lev\u00e9e, la meilleure mati\u00e8re premi\u00e8re et la meilleure couleur, pour atteindre les taux de production cibl\u00e9s les plus \u00e9lev\u00e9s.<\/h3>\n\n\t\t<\/div>\n\t<\/div>\n<\/div><\/div><\/div><\/div>","protected":false},"excerpt":{"rendered":"Pr\u00e9cision la plus \u00e9lev\u00e9e avec la meilleure qualit\u00e9 Nos produits Nous produisons les meilleurs mat\u00e9riaux de fabrication en plastique avec des sp\u00e9cifications internationales, caract\u00e9ris\u00e9s par une ductilit\u00e9 \u00e9lev\u00e9e, la meilleure mati\u00e8re premi\u00e8re et la meilleure couleur, pour atteindre les taux de production cibl\u00e9s les plus \u00e9lev\u00e9s.","protected":false},"author":1,"featured_media":515,"parent":0,"menu_order":0,"comment_status":"closed","ping_status":"closed","template":"","meta":[],"_links":{"self":[{"href":"https:\/\/aljawhraplast.com\/fr\/wp-json\/wp\/v2\/pages\/664"}],"collection":[{"href":"https:\/\/aljawhraplast.com\/fr\/wp-json\/wp\/v2\/pages"}],"about":[{"href":"https:\/\/aljawhraplast.com\/fr\/wp-json\/wp\/v2\/types\/page"}],"author":[{"embeddable":true,"href":"https:\/\/aljawhraplast.com\/fr\/wp-json\/wp\/v2\/users\/1"}],"replies":[{"embeddable":true,"href":"https:\/\/aljawhraplast.com\/fr\/wp-json\/wp\/v2\/comments?post=664"}],"version-history":[{"count":0,"href":"https:\/\/aljawhraplast.com\/fr\/wp-json\/wp\/v2\/pages\/664\/revisions"}],"wp:featuredmedia":[{"embeddable":true,"href":"https:\/\/aljawhraplast.com\/fr\/wp-json\/wp\/v2\/media\/515"}],"wp:attachment":[{"href":"https:\/\/aljawhraplast.com\/fr\/wp-json\/wp\/v2\/media?parent=664"}],"curies":[{"name":"wp","href":"https:\/\/api.w.org\/{rel}","templated":true}]}}